{"id":1069,"date":"2021-01-25T13:00:46","date_gmt":"2021-01-25T12:00:46","guid":{"rendered":"https:\/\/www.bigdatabp.com\/cloud-erp\/"},"modified":"2022-03-07T10:02:39","modified_gmt":"2022-03-07T09:02:39","slug":"cloud-erp","status":"publish","type":"page","link":"https:\/\/www.bigdatabp.com\/en\/cloud-erp\/","title":{"rendered":"Cloud ERP"},"content":{"rendered":"<p>[et_pb_section fb_built=&#8221;1&#8243; _builder_version=&#8221;4.7.7&#8243; _module_preset=&#8221;default&#8221; custom_padding=&#8221;3px|||||&#8221; global_colors_info=&#8221;{}&#8221;][et_pb_row _builder_version=&#8221;4.7.7&#8243; _module_preset=&#8221;default&#8221; global_colors_info=&#8221;{}&#8221;][et_pb_column type=&#8221;4_4&#8243; _builder_version=&#8221;4.7.7&#8243; _module_preset=&#8221;default&#8221; global_colors_info=&#8221;{}&#8221;][et_pb_text _builder_version=&#8221;4.11.1&#8243; _module_preset=&#8221;default&#8221; hover_enabled=&#8221;0&#8243; global_colors_info=&#8221;{}&#8221; admin_label=&#8221;Text&#8221; sticky_enabled=&#8221;0&#8243;]<\/p>\n<h1 style=\"padding-left: 30px; text-align: center;\">Cloud ERP<\/h1>\n<p>[\/et_pb_text][\/et_pb_column][\/et_pb_row][et_pb_row column_structure=&#8221;1_2,1_2&#8243; _builder_version=&#8221;4.7.7&#8243; _module_preset=&#8221;default&#8221; global_colors_info=&#8221;{}&#8221;][et_pb_column type=&#8221;1_2&#8243; _builder_version=&#8221;4.7.7&#8243; _module_preset=&#8221;default&#8221; global_colors_info=&#8221;{}&#8221;][et_pb_text _builder_version=&#8221;4.7.7&#8243; _module_preset=&#8221;default&#8221; global_colors_info=&#8221;{}&#8221;]<span style=\"font-size: 14px;\">\u00a0<\/span><\/p>\n<p><span style=\"font-size: 14px;\">Ofrecemos un potente software ERP basado en la nube para que las compa\u00f1\u00edas puedan tomar las decisiones m\u00e1s acertadas en el menor tiempo posible y al mismo tiempo puedan concentrarse en lo que mejor saben hacer.<\/span><\/p>\n<p><span style=\"font-size: 14px;\">Uno de nuestros objetivos es optimizar los procesos productivos de la empresa y mejorar la productividad reduciendo costos en materia prima y energ\u00eda.<\/span><\/p>\n<p><span style=\"font-size: 14px;\">Se eliminaran los cuellos de botella y se mejorar\u00e1 el ciclo de producci\u00f3n interconectando los distintos departamentos que intervienen bajo una misma plataforma.<\/span><\/p>\n<p><span style=\"font-size: 14px;\">Se mejorar\u00e1 la productividad de los empleados al concentrar todos los procesos en un mismo programa modular, eliminando el uso de programas sat\u00e9lites, hojas de c\u00e1lculo, bases de datos, etc.<\/span><\/p>\n<p><span style=\"font-size: 14px;\">Con Cloud ERP mejorar\u00e1 en la toma de decisiones del cuadro directivo y siempre en base a datos objetivos obtenido en tiempo real. Adelantar la toma de decisiones de la empresa mejorar\u00e1 su competitividad.<\/span><br \/>\n[\/et_pb_text][\/et_pb_column][et_pb_column type=&#8221;1_2&#8243; _builder_version=&#8221;4.7.7&#8243; _module_preset=&#8221;default&#8221; global_colors_info=&#8221;{}&#8221;][et_pb_image src=&#8221;https:\/\/www.bigdatabp.com\/wp-content\/uploads\/2021\/01\/Cloud.jpg&#8221; title_text=&#8221;Cloud&#8221; _builder_version=&#8221;4.7.7&#8243; _module_preset=&#8221;default&#8221; custom_margin=&#8221;20px||||false|false&#8221; global_colors_info=&#8221;{}&#8221;][\/et_pb_image][\/et_pb_column][\/et_pb_row][et_pb_row column_structure=&#8221;1_2,1_2&#8243; _builder_version=&#8221;4.9.10&#8243; _module_preset=&#8221;default&#8221; global_colors_info=&#8221;{}&#8221;][et_pb_column type=&#8221;1_2&#8243; _builder_version=&#8221;4.9.10&#8243; _module_preset=&#8221;default&#8221; global_colors_info=&#8221;{}&#8221;][et_pb_text _builder_version=&#8221;4.9.10&#8243; _module_preset=&#8221;default&#8221; custom_padding=&#8221;||9px|||&#8221; global_colors_info=&#8221;{}&#8221;]<\/p>\n<h1 style=\"text-align: center;\">Moderno e intuitivo<\/h1>\n<p>[\/et_pb_text][et_pb_text _builder_version=&#8221;4.9.10&#8243; _module_preset=&#8221;default&#8221; global_colors_info=&#8221;{}&#8221;]Nuestro ERP desarrollado para empresas del sector pesquero incorpora una interfaz moderna y amigable que facilita el uso intuitivo de la aplicaci\u00f3n.<\/p>\n<p>Comience su jornada de trabajo centr\u00e1ndose en las tareas m\u00e1s importantes.<\/p>\n<p>Dispone de un tablero de configuraci\u00f3n personalizable para cada usuario d\u00f3nde colocar un men\u00fa de inicio con las opciones de uso m\u00e1s comunes, adem\u00e1s de mensajer\u00eda interna, alertas y un gestor de tareas para facilitar el trabajo y la comunicaci\u00f3n entre los departamentos y dem\u00e1s miembros de la empresa.<br \/>\n[\/et_pb_text][\/et_pb_column][et_pb_column type=&#8221;1_2&#8243; _builder_version=&#8221;4.9.10&#8243; _module_preset=&#8221;default&#8221; global_colors_info=&#8221;{}&#8221;][et_pb_text _builder_version=&#8221;4.9.10&#8243; _module_preset=&#8221;default&#8221; custom_padding=&#8221;||0px|||&#8221; global_colors_info=&#8221;{}&#8221;]<\/p>\n<h1 style=\"text-align: center;\">Accesible desde cualquier lugar<\/h1>\n<p>[\/et_pb_text][et_pb_text _builder_version=&#8221;4.9.10&#8243; _module_preset=&#8221;default&#8221; global_colors_info=&#8221;{}&#8221;]Con nuestro Cloud ERP puede disponer de toda la informaci\u00f3n de la empresa al alcance de su mano en cualquier momento y en cualquier lugar.<\/p>\n<p>Dentro de la empresa o fuera de ella no es problema para conectar de forma sencilla a su entorno de trabajo, lo \u00fanico que necesita es una conexi\u00f3n a Internet.<\/p>\n<p>La accesibilidad mejorar\u00e1 la toma de decisiones y siempre en base a datos objetivos obtenidos en tiempo real.<\/p>\n<p>Adelantar la toma de decisiones de la empresa mejorar\u00e1 su competitividad.<br \/>\n[\/et_pb_text][\/et_pb_column][\/et_pb_row][et_pb_row column_structure=&#8221;1_2,1_2&#8243; _builder_version=&#8221;4.9.10&#8243; _module_preset=&#8221;default&#8221; global_colors_info=&#8221;{}&#8221;][et_pb_column type=&#8221;1_2&#8243; _builder_version=&#8221;4.9.10&#8243; _module_preset=&#8221;default&#8221; global_colors_info=&#8221;{}&#8221;][et_pb_text _builder_version=&#8221;4.9.10&#8243; _module_preset=&#8221;default&#8221; global_colors_info=&#8221;{}&#8221;]<\/p>\n<h1 style=\"text-align: center;\">M\u00faltiples informes y estad\u00edsticas<\/h1>\n<p>[\/et_pb_text][et_pb_text _builder_version=&#8221;4.9.10&#8243; _module_preset=&#8221;default&#8221; global_colors_info=&#8221;{}&#8221;]<\/p>\n<p style=\"margin: 0cm; vertical-align: baseline;\"><span style=\"font-size: 10.5pt; font-family: 'Open Sans',sans-serif; color: #666666;\">Facilidad para generar listados y gr\u00e1ficas personalizables por el usuario.<\/span><\/p>\n<p style=\"margin: 0cm; vertical-align: baseline; box-sizing: border-box; outline: 0px; text-size-adjust: 100%;\"><span style=\"font-size: 10.5pt; font-family: 'Open Sans',sans-serif; color: #666666;\">Ofrecemos una serie de listados predefinidos para las operaciones b\u00e1sicas, dejando al usuario la libertad para configurarlos y personalizarlos seg\u00fan sus necesidades. De esta forma, el usuario podr\u00e1 a\u00f1adir o quitar las columnas que le interesen, agrupar por campos, as\u00ed como totalizar aquellas columnas que desee.<\/span><\/p>\n<p style=\"margin: 0cm; vertical-align: baseline; box-sizing: border-box; outline: 0px; text-size-adjust: 100%;\"><span style=\"font-size: 10.5pt; font-family: 'Open Sans',sans-serif; color: #666666;\">Posee un completo generador de estad\u00edsticas con Informaci\u00f3n gr\u00e1fica para facilitar la toma de decisiones.<\/span><\/p>\n<p style=\"margin: 0cm; vertical-align: baseline; box-sizing: border-box; outline: 0px; text-size-adjust: 100%;\"><span style=\"font-size: 10.5pt; font-family: 'Open Sans',sans-serif; color: #666666;\">Posibilita la exportaci\u00f3n de listados e informes a diferentes formatos.<\/span><\/p>\n<p>[\/et_pb_text][\/et_pb_column][et_pb_column type=&#8221;1_2&#8243; _builder_version=&#8221;4.9.10&#8243; _module_preset=&#8221;default&#8221; global_colors_info=&#8221;{}&#8221;][et_pb_text _builder_version=&#8221;4.9.10&#8243; _module_preset=&#8221;default&#8221; global_colors_info=&#8221;{}&#8221;]<\/p>\n<h1 style=\"text-align: center;\">Multiplataforma<\/h1>\n<p>[\/et_pb_text][et_pb_text _builder_version=&#8221;4.9.10&#8243; _module_preset=&#8221;default&#8221; global_colors_info=&#8221;{}&#8221;]Lo importante para la empresa son los datos no que dispositivo se deben usar para acceder a ellos, por eso hemos desarrollado nuestro Cloud ERP con tecnolog\u00eda actual para que se pueda utilizar desde distintos sistemas operativos como Windows, Linux, IOS o Android.<\/p>\n<p>La decisi\u00f3n de compra de los terminales ya no depende del sistema operativo. Acceder al ERP se puede combinar usando terminales Windows, Mac, iPad o tel\u00e9fono m\u00f3vil Android o iPhone.<br \/>\n[\/et_pb_text][\/et_pb_column][\/et_pb_row][\/et_pb_section]<\/p>\n","protected":false},"excerpt":{"rendered":"<p>Cloud ERP\u00a0 Ofrecemos un potente software ERP basado en la nube para que las compa\u00f1\u00edas puedan tomar las decisiones m\u00e1s acertadas en el menor tiempo posible y al mismo tiempo puedan concentrarse en lo que mejor saben hacer. Uno de nuestros objetivos es optimizar los procesos productivos de la empresa y mejorar la productividad reduciendo [&hellip;]<\/p>\n","protected":false},"author":1,"featured_media":0,"parent":0,"menu_order":0,"comment_status":"closed","ping_status":"closed","template":"","meta":{"_et_pb_use_builder":"on","_et_pb_old_content":"","_et_gb_content_width":"","footnotes":""},"class_list":["post-1069","page","type-page","status-publish","hentry"],"yoast_head":"<!-- This site is optimized with the Yoast SEO plugin v27.4 - https:\/\/yoast.com\/product\/yoast-seo-wordpress\/ -->\n<title>Cloud ERP - BigdataBP<\/title>\n<meta name=\"robots\" content=\"index, follow, max-snippet:-1, max-image-preview:large, max-video-preview:-1\" \/>\n<link rel=\"canonical\" href=\"https:\/\/www.bigdatabp.com\/en\/cloud-erp\/\" \/>\n<meta property=\"og:locale\" content=\"en_US\" \/>\n<meta property=\"og:type\" content=\"article\" \/>\n<meta property=\"og:title\" content=\"Cloud ERP - BigdataBP\" \/>\n<meta property=\"og:description\" content=\"Cloud ERP\u00a0 Ofrecemos un potente software ERP basado en la nube para que las compa\u00f1\u00edas puedan tomar las decisiones m\u00e1s acertadas en el menor tiempo posible y al mismo tiempo puedan concentrarse en lo que mejor saben hacer. Uno de nuestros objetivos es optimizar los procesos productivos de la empresa y mejorar la productividad reduciendo [&hellip;]\" \/>\n<meta property=\"og:url\" content=\"https:\/\/www.bigdatabp.com\/en\/cloud-erp\/\" \/>\n<meta property=\"og:site_name\" content=\"BigdataBP\" \/>\n<meta property=\"article:modified_time\" content=\"2022-03-07T09:02:39+00:00\" \/>\n<meta name=\"twitter:card\" content=\"summary_large_image\" \/>\n<meta name=\"twitter:label1\" content=\"Est. reading time\" \/>\n\t<meta name=\"twitter:data1\" content=\"4 minutes\" \/>\n<script type=\"application\/ld+json\" class=\"yoast-schema-graph\">{\"@context\":\"https:\\\/\\\/schema.org\",\"@graph\":[{\"@type\":\"WebPage\",\"@id\":\"https:\\\/\\\/www.bigdatabp.com\\\/en\\\/cloud-erp\\\/\",\"url\":\"https:\\\/\\\/www.bigdatabp.com\\\/en\\\/cloud-erp\\\/\",\"name\":\"Cloud ERP - BigdataBP\",\"isPartOf\":{\"@id\":\"https:\\\/\\\/www.bigdatabp.com\\\/#website\"},\"datePublished\":\"2021-01-25T12:00:46+00:00\",\"dateModified\":\"2022-03-07T09:02:39+00:00\",\"breadcrumb\":{\"@id\":\"https:\\\/\\\/www.bigdatabp.com\\\/en\\\/cloud-erp\\\/#breadcrumb\"},\"inLanguage\":\"en-US\",\"potentialAction\":[{\"@type\":\"ReadAction\",\"target\":[\"https:\\\/\\\/www.bigdatabp.com\\\/en\\\/cloud-erp\\\/\"]}]},{\"@type\":\"BreadcrumbList\",\"@id\":\"https:\\\/\\\/www.bigdatabp.com\\\/en\\\/cloud-erp\\\/#breadcrumb\",\"itemListElement\":[{\"@type\":\"ListItem\",\"position\":1,\"name\":\"Portada\",\"item\":\"https:\\\/\\\/www.bigdatabp.com\\\/en\\\/\"},{\"@type\":\"ListItem\",\"position\":2,\"name\":\"Cloud ERP\"}]},{\"@type\":\"WebSite\",\"@id\":\"https:\\\/\\\/www.bigdatabp.com\\\/#website\",\"url\":\"https:\\\/\\\/www.bigdatabp.com\\\/\",\"name\":\"BigdataBP\",\"description\":\"ERP Cloud\",\"potentialAction\":[{\"@type\":\"SearchAction\",\"target\":{\"@type\":\"EntryPoint\",\"urlTemplate\":\"https:\\\/\\\/www.bigdatabp.com\\\/?s={search_term_string}\"},\"query-input\":{\"@type\":\"PropertyValueSpecification\",\"valueRequired\":true,\"valueName\":\"search_term_string\"}}],\"inLanguage\":\"en-US\"}]}<\/script>\n<!-- \/ Yoast SEO plugin. -->","yoast_head_json":{"title":"Cloud ERP - BigdataBP","robots":{"index":"index","follow":"follow","max-snippet":"max-snippet:-1","max-image-preview":"max-image-preview:large","max-video-preview":"max-video-preview:-1"},"canonical":"https:\/\/www.bigdatabp.com\/en\/cloud-erp\/","og_locale":"en_US","og_type":"article","og_title":"Cloud ERP - BigdataBP","og_description":"Cloud ERP\u00a0 Ofrecemos un potente software ERP basado en la nube para que las compa\u00f1\u00edas puedan tomar las decisiones m\u00e1s acertadas en el menor tiempo posible y al mismo tiempo puedan concentrarse en lo que mejor saben hacer. Uno de nuestros objetivos es optimizar los procesos productivos de la empresa y mejorar la productividad reduciendo [&hellip;]","og_url":"https:\/\/www.bigdatabp.com\/en\/cloud-erp\/","og_site_name":"BigdataBP","article_modified_time":"2022-03-07T09:02:39+00:00","twitter_card":"summary_large_image","twitter_misc":{"Est. reading time":"4 minutes"},"schema":{"@context":"https:\/\/schema.org","@graph":[{"@type":"WebPage","@id":"https:\/\/www.bigdatabp.com\/en\/cloud-erp\/","url":"https:\/\/www.bigdatabp.com\/en\/cloud-erp\/","name":"Cloud ERP - BigdataBP","isPartOf":{"@id":"https:\/\/www.bigdatabp.com\/#website"},"datePublished":"2021-01-25T12:00:46+00:00","dateModified":"2022-03-07T09:02:39+00:00","breadcrumb":{"@id":"https:\/\/www.bigdatabp.com\/en\/cloud-erp\/#breadcrumb"},"inLanguage":"en-US","potentialAction":[{"@type":"ReadAction","target":["https:\/\/www.bigdatabp.com\/en\/cloud-erp\/"]}]},{"@type":"BreadcrumbList","@id":"https:\/\/www.bigdatabp.com\/en\/cloud-erp\/#breadcrumb","itemListElement":[{"@type":"ListItem","position":1,"name":"Portada","item":"https:\/\/www.bigdatabp.com\/en\/"},{"@type":"ListItem","position":2,"name":"Cloud ERP"}]},{"@type":"WebSite","@id":"https:\/\/www.bigdatabp.com\/#website","url":"https:\/\/www.bigdatabp.com\/","name":"BigdataBP","description":"ERP Cloud","potentialAction":[{"@type":"SearchAction","target":{"@type":"EntryPoint","urlTemplate":"https:\/\/www.bigdatabp.com\/?s={search_term_string}"},"query-input":{"@type":"PropertyValueSpecification","valueRequired":true,"valueName":"search_term_string"}}],"inLanguage":"en-US"}]}},"_links":{"self":[{"href":"https:\/\/www.bigdatabp.com\/en\/wp-json\/wp\/v2\/pages\/1069","targetHints":{"allow":["GET"]}}],"collection":[{"href":"https:\/\/www.bigdatabp.com\/en\/wp-json\/wp\/v2\/pages"}],"about":[{"href":"https:\/\/www.bigdatabp.com\/en\/wp-json\/wp\/v2\/types\/page"}],"author":[{"embeddable":true,"href":"https:\/\/www.bigdatabp.com\/en\/wp-json\/wp\/v2\/users\/1"}],"replies":[{"embeddable":true,"href":"https:\/\/www.bigdatabp.com\/en\/wp-json\/wp\/v2\/comments?post=1069"}],"version-history":[{"count":3,"href":"https:\/\/www.bigdatabp.com\/en\/wp-json\/wp\/v2\/pages\/1069\/revisions"}],"predecessor-version":[{"id":1074,"href":"https:\/\/www.bigdatabp.com\/en\/wp-json\/wp\/v2\/pages\/1069\/revisions\/1074"}],"wp:attachment":[{"href":"https:\/\/www.bigdatabp.com\/en\/wp-json\/wp\/v2\/media?parent=1069"}],"curies":[{"name":"wp","href":"https:\/\/api.w.org\/{rel}","templated":true}]}}