{"id":1091,"date":"2021-08-09T17:21:16","date_gmt":"2021-08-09T16:21:16","guid":{"rendered":"https:\/\/www.bigdatabp.com\/integracion-colaboramos-con-empresas-importantes-del-sector-del-etiquetado-y-pesaje-industrial-bizerba-espera-etc\/"},"modified":"2022-03-07T12:52:03","modified_gmt":"2022-03-07T11:52:03","slug":"integracion-colaboramos-con-empresas-importantes-del-sector-del-etiquetado-y-pesaje-industrial-bizerba-espera-etc","status":"publish","type":"page","link":"https:\/\/www.bigdatabp.com\/en\/integracion-colaboramos-con-empresas-importantes-del-sector-del-etiquetado-y-pesaje-industrial-bizerba-espera-etc\/","title":{"rendered":"Integraci\u00f3n"},"content":{"rendered":"<p>[et_pb_section fb_built=&#8221;1&#8243; _builder_version=&#8221;4.7.7&#8243; _module_preset=&#8221;default&#8221; custom_padding=&#8221;6px|||||&#8221; global_colors_info=&#8221;{}&#8221;][et_pb_row _builder_version=&#8221;4.7.7&#8243; _module_preset=&#8221;default&#8221; global_colors_info=&#8221;{}&#8221;][et_pb_column type=&#8221;4_4&#8243; _builder_version=&#8221;4.7.7&#8243; _module_preset=&#8221;default&#8221; global_colors_info=&#8221;{}&#8221;][et_pb_text _builder_version=&#8221;4.7.7&#8243; _module_preset=&#8221;default&#8221; global_colors_info=&#8221;{}&#8221;]<\/p>\n<h1 style=\"text-align: center;\">Integraci\u00f3n<\/h1>\n<p>[\/et_pb_text][\/et_pb_column][\/et_pb_row][et_pb_row column_structure=&#8221;1_2,1_2&#8243; _builder_version=&#8221;4.7.7&#8243; _module_preset=&#8221;default&#8221; global_colors_info=&#8221;{}&#8221;][et_pb_column type=&#8221;1_2&#8243; _builder_version=&#8221;4.7.7&#8243; _module_preset=&#8221;default&#8221; global_colors_info=&#8221;{}&#8221;][et_pb_text _builder_version=&#8221;4.7.7&#8243; _module_preset=&#8221;default&#8221; global_colors_info=&#8221;{}&#8221;]<\/p>\n<p>Colaboramos con empresas importantes del sector del etiquetado y pesaje industrial (<a href=\"https:\/\/www.bizerba.com\/es_es\/inicio\/\">Bizerba<\/a>,<span style=\"font-size: 14px;\"><a href=\"https:\/\/www.espera.com\/es\/inicio\"> Espera<\/a>, etc.)<\/span><\/p>\n<p>Integramos impresoras de alto rendimiento para la impresi\u00f3n de etiquetas profesionales de las marcas <a href=\"https:\/\/www.cab.de\/\">CAB,<\/a> <a href=\"https:\/\/www.zebra.com\/es\/es\/products\/printers.html\">Zebra<\/a>, <a href=\"https:\/\/printers.averydennison.com\/en\/home\/products\/tabletop-printers.html\">Avery<\/a>, <a href=\"https:\/\/www.toshibatec.com\/cnt\/products_overseas\/printer2\/desktop_barcode_printer\/industrial.html\">Toshiba TEC<\/a>, <a href=\"https:\/\/www.epson.es\/products\/colour-label-printers\">EPSON<\/a>, <a href=\"https:\/\/www.godexintl.com\/product-list\/Industrial_Printers?locale=es\">Godex<\/a>, <a href=\"https:\/\/www.datamax-printers.com\/iclassprinters.htm\">DATAMAX<\/a>, <a href=\"https:\/\/www.honeywellaidc.com\/es-es\/products\/printers\/industrial\">Honeywell<\/a>, etc.<\/p>\n<p>Nuestra experiencia en este campo nos permite ofrecer soluciones de gesti\u00f3n e integraci\u00f3n para procesos industriales, principalmente:<span style=\"font-size: 14px;\">\u00a0<\/span><\/p>\n<p>Sistemas de etiquetado<\/p>\n<p>Sistemas de pesado<\/p>\n<p>Sistemas log\u00edsticos<\/p>\n<p>Sistemas de inspecci\u00f3n<\/p>\n<p>Sistemas de llenado<\/p>\n<p><span style=\"font-size: 14px;\">Contacte con nosotros y exponga sus necesidades, le ofreceremos la mejor soluci\u00f3n.<\/span><\/p>\n<p>[\/et_pb_text][\/et_pb_column][et_pb_column type=&#8221;1_2&#8243; _builder_version=&#8221;4.7.7&#8243; _module_preset=&#8221;default&#8221; global_colors_info=&#8221;{}&#8221;][et_pb_image src=&#8221;https:\/\/www.bigdatabp.com\/wp-content\/uploads\/2021\/01\/integracion-1.jpg&#8221; title_text=&#8221;Macro shot of jigsaw puzzles teamwork concept&#8221; _builder_version=&#8221;4.7.7&#8243; _module_preset=&#8221;default&#8221; global_colors_info=&#8221;{}&#8221;][\/et_pb_image][\/et_pb_column][\/et_pb_row][\/et_pb_section]<\/p>\n","protected":false},"excerpt":{"rendered":"<p>Integraci\u00f3nColaboramos con empresas importantes del sector del etiquetado y pesaje industrial (Bizerba, Espera, etc.) Integramos impresoras de alto rendimiento para la impresi\u00f3n de etiquetas profesionales de las marcas CAB, Zebra, Avery, Toshiba TEC, EPSON, Godex, DATAMAX, Honeywell, etc. Nuestra experiencia en este campo nos permite ofrecer soluciones de gesti\u00f3n e integraci\u00f3n para procesos industriales, principalmente:\u00a0 [&hellip;]<\/p>\n","protected":false},"author":1,"featured_media":0,"parent":0,"menu_order":0,"comment_status":"closed","ping_status":"closed","template":"","meta":{"_et_pb_use_builder":"on","_et_pb_old_content":"","_et_gb_content_width":"","footnotes":""},"class_list":["post-1091","page","type-page","status-publish","hentry"],"yoast_head":"<!-- This site is optimized with the Yoast SEO plugin v27.4 - https:\/\/yoast.com\/product\/yoast-seo-wordpress\/ -->\n<title>Integraci\u00f3n - BigdataBP<\/title>\n<meta name=\"description\" content=\"Ofrecemos soluciones de sistemas de etiquetado, sistemas de pesado, sistemas log\u00edsticos, sistemas de inspecci\u00f3n, sistemas de llenado\" \/>\n<meta name=\"robots\" content=\"index, follow, max-snippet:-1, max-image-preview:large, max-video-preview:-1\" \/>\n<link rel=\"canonical\" href=\"https:\/\/www.bigdatabp.com\/en\/integracion-colaboramos-con-empresas-importantes-del-sector-del-etiquetado-y-pesaje-industrial-bizerba-espera-etc\/\" \/>\n<meta property=\"og:locale\" content=\"en_US\" \/>\n<meta property=\"og:type\" content=\"article\" \/>\n<meta property=\"og:title\" content=\"Integraci\u00f3n - BigdataBP\" \/>\n<meta property=\"og:description\" content=\"Ofrecemos soluciones de sistemas de etiquetado, sistemas de pesado, sistemas log\u00edsticos, sistemas de inspecci\u00f3n, sistemas de llenado\" \/>\n<meta property=\"og:url\" content=\"https:\/\/www.bigdatabp.com\/en\/integracion-colaboramos-con-empresas-importantes-del-sector-del-etiquetado-y-pesaje-industrial-bizerba-espera-etc\/\" \/>\n<meta property=\"og:site_name\" content=\"BigdataBP\" \/>\n<meta property=\"article:modified_time\" content=\"2022-03-07T11:52:03+00:00\" \/>\n<meta name=\"twitter:card\" content=\"summary_large_image\" \/>\n<meta name=\"twitter:label1\" content=\"Est. reading time\" \/>\n\t<meta name=\"twitter:data1\" content=\"1 minute\" \/>\n<script type=\"application\/ld+json\" class=\"yoast-schema-graph\">{\"@context\":\"https:\\\/\\\/schema.org\",\"@graph\":[{\"@type\":\"WebPage\",\"@id\":\"https:\\\/\\\/www.bigdatabp.com\\\/en\\\/integracion-colaboramos-con-empresas-importantes-del-sector-del-etiquetado-y-pesaje-industrial-bizerba-espera-etc\\\/\",\"url\":\"https:\\\/\\\/www.bigdatabp.com\\\/en\\\/integracion-colaboramos-con-empresas-importantes-del-sector-del-etiquetado-y-pesaje-industrial-bizerba-espera-etc\\\/\",\"name\":\"Integraci\u00f3n - BigdataBP\",\"isPartOf\":{\"@id\":\"https:\\\/\\\/www.bigdatabp.com\\\/#website\"},\"datePublished\":\"2021-08-09T16:21:16+00:00\",\"dateModified\":\"2022-03-07T11:52:03+00:00\",\"description\":\"Ofrecemos soluciones de sistemas de etiquetado, sistemas de pesado, sistemas log\u00edsticos, sistemas de inspecci\u00f3n, sistemas de llenado\",\"breadcrumb\":{\"@id\":\"https:\\\/\\\/www.bigdatabp.com\\\/en\\\/integracion-colaboramos-con-empresas-importantes-del-sector-del-etiquetado-y-pesaje-industrial-bizerba-espera-etc\\\/#breadcrumb\"},\"inLanguage\":\"en-US\",\"potentialAction\":[{\"@type\":\"ReadAction\",\"target\":[\"https:\\\/\\\/www.bigdatabp.com\\\/en\\\/integracion-colaboramos-con-empresas-importantes-del-sector-del-etiquetado-y-pesaje-industrial-bizerba-espera-etc\\\/\"]}]},{\"@type\":\"BreadcrumbList\",\"@id\":\"https:\\\/\\\/www.bigdatabp.com\\\/en\\\/integracion-colaboramos-con-empresas-importantes-del-sector-del-etiquetado-y-pesaje-industrial-bizerba-espera-etc\\\/#breadcrumb\",\"itemListElement\":[{\"@type\":\"ListItem\",\"position\":1,\"name\":\"Portada\",\"item\":\"https:\\\/\\\/www.bigdatabp.com\\\/en\\\/\"},{\"@type\":\"ListItem\",\"position\":2,\"name\":\"Integraci\u00f3n\"}]},{\"@type\":\"WebSite\",\"@id\":\"https:\\\/\\\/www.bigdatabp.com\\\/#website\",\"url\":\"https:\\\/\\\/www.bigdatabp.com\\\/\",\"name\":\"BigdataBP\",\"description\":\"ERP Cloud\",\"potentialAction\":[{\"@type\":\"SearchAction\",\"target\":{\"@type\":\"EntryPoint\",\"urlTemplate\":\"https:\\\/\\\/www.bigdatabp.com\\\/?s={search_term_string}\"},\"query-input\":{\"@type\":\"PropertyValueSpecification\",\"valueRequired\":true,\"valueName\":\"search_term_string\"}}],\"inLanguage\":\"en-US\"}]}<\/script>\n<!-- \/ Yoast SEO plugin. -->","yoast_head_json":{"title":"Integraci\u00f3n - BigdataBP","description":"Ofrecemos soluciones de sistemas de etiquetado, sistemas de pesado, sistemas log\u00edsticos, sistemas de inspecci\u00f3n, sistemas de llenado","robots":{"index":"index","follow":"follow","max-snippet":"max-snippet:-1","max-image-preview":"max-image-preview:large","max-video-preview":"max-video-preview:-1"},"canonical":"https:\/\/www.bigdatabp.com\/en\/integracion-colaboramos-con-empresas-importantes-del-sector-del-etiquetado-y-pesaje-industrial-bizerba-espera-etc\/","og_locale":"en_US","og_type":"article","og_title":"Integraci\u00f3n - BigdataBP","og_description":"Ofrecemos soluciones de sistemas de etiquetado, sistemas de pesado, sistemas log\u00edsticos, sistemas de inspecci\u00f3n, sistemas de llenado","og_url":"https:\/\/www.bigdatabp.com\/en\/integracion-colaboramos-con-empresas-importantes-del-sector-del-etiquetado-y-pesaje-industrial-bizerba-espera-etc\/","og_site_name":"BigdataBP","article_modified_time":"2022-03-07T11:52:03+00:00","twitter_card":"summary_large_image","twitter_misc":{"Est. reading time":"1 minute"},"schema":{"@context":"https:\/\/schema.org","@graph":[{"@type":"WebPage","@id":"https:\/\/www.bigdatabp.com\/en\/integracion-colaboramos-con-empresas-importantes-del-sector-del-etiquetado-y-pesaje-industrial-bizerba-espera-etc\/","url":"https:\/\/www.bigdatabp.com\/en\/integracion-colaboramos-con-empresas-importantes-del-sector-del-etiquetado-y-pesaje-industrial-bizerba-espera-etc\/","name":"Integraci\u00f3n - BigdataBP","isPartOf":{"@id":"https:\/\/www.bigdatabp.com\/#website"},"datePublished":"2021-08-09T16:21:16+00:00","dateModified":"2022-03-07T11:52:03+00:00","description":"Ofrecemos soluciones de sistemas de etiquetado, sistemas de pesado, sistemas log\u00edsticos, sistemas de inspecci\u00f3n, sistemas de llenado","breadcrumb":{"@id":"https:\/\/www.bigdatabp.com\/en\/integracion-colaboramos-con-empresas-importantes-del-sector-del-etiquetado-y-pesaje-industrial-bizerba-espera-etc\/#breadcrumb"},"inLanguage":"en-US","potentialAction":[{"@type":"ReadAction","target":["https:\/\/www.bigdatabp.com\/en\/integracion-colaboramos-con-empresas-importantes-del-sector-del-etiquetado-y-pesaje-industrial-bizerba-espera-etc\/"]}]},{"@type":"BreadcrumbList","@id":"https:\/\/www.bigdatabp.com\/en\/integracion-colaboramos-con-empresas-importantes-del-sector-del-etiquetado-y-pesaje-industrial-bizerba-espera-etc\/#breadcrumb","itemListElement":[{"@type":"ListItem","position":1,"name":"Portada","item":"https:\/\/www.bigdatabp.com\/en\/"},{"@type":"ListItem","position":2,"name":"Integraci\u00f3n"}]},{"@type":"WebSite","@id":"https:\/\/www.bigdatabp.com\/#website","url":"https:\/\/www.bigdatabp.com\/","name":"BigdataBP","description":"ERP Cloud","potentialAction":[{"@type":"SearchAction","target":{"@type":"EntryPoint","urlTemplate":"https:\/\/www.bigdatabp.com\/?s={search_term_string}"},"query-input":{"@type":"PropertyValueSpecification","valueRequired":true,"valueName":"search_term_string"}}],"inLanguage":"en-US"}]}},"_links":{"self":[{"href":"https:\/\/www.bigdatabp.com\/en\/wp-json\/wp\/v2\/pages\/1091","targetHints":{"allow":["GET"]}}],"collection":[{"href":"https:\/\/www.bigdatabp.com\/en\/wp-json\/wp\/v2\/pages"}],"about":[{"href":"https:\/\/www.bigdatabp.com\/en\/wp-json\/wp\/v2\/types\/page"}],"author":[{"embeddable":true,"href":"https:\/\/www.bigdatabp.com\/en\/wp-json\/wp\/v2\/users\/1"}],"replies":[{"embeddable":true,"href":"https:\/\/www.bigdatabp.com\/en\/wp-json\/wp\/v2\/comments?post=1091"}],"version-history":[{"count":1,"href":"https:\/\/www.bigdatabp.com\/en\/wp-json\/wp\/v2\/pages\/1091\/revisions"}],"predecessor-version":[{"id":1092,"href":"https:\/\/www.bigdatabp.com\/en\/wp-json\/wp\/v2\/pages\/1091\/revisions\/1092"}],"wp:attachment":[{"href":"https:\/\/www.bigdatabp.com\/en\/wp-json\/wp\/v2\/media?parent=1091"}],"curies":[{"name":"wp","href":"https:\/\/api.w.org\/{rel}","templated":true}]}}