{"id":1095,"date":"2021-01-25T12:54:25","date_gmt":"2021-01-25T11:54:25","guid":{"rendered":"https:\/\/www.bigdatabp.com\/politica-de-cookies\/"},"modified":"2022-03-07T13:00:51","modified_gmt":"2022-03-07T12:00:51","slug":"politica-de-cookies","status":"publish","type":"page","link":"https:\/\/www.bigdatabp.com\/en\/politica-de-cookies\/","title":{"rendered":"Pol\u00edtica de cookies"},"content":{"rendered":"<p>[et_pb_section fb_built=&#8221;1&#8243; _builder_version=&#8221;4.7.7&#8243; _module_preset=&#8221;default&#8221;][et_pb_row _builder_version=&#8221;4.7.7&#8243; _module_preset=&#8221;default&#8221;][et_pb_column type=&#8221;4_4&#8243; _builder_version=&#8221;4.7.7&#8243; _module_preset=&#8221;default&#8221;][et_pb_text _builder_version=&#8221;4.7.7&#8243; _module_preset=&#8221;default&#8221;]<\/p>\n<p><strong>Pol\u00edtica de Cookies<\/strong><\/p>\n<ol>\n<li style=\"list-style-type: none;\">\n<ol>\n<li style=\"list-style-type: none;\">\n<ol>\n<li>Definici\u00f3n y funciones de las cookies.<\/li>\n<\/ol>\n<\/li>\n<\/ol>\n<\/li>\n<\/ol>\n<p>Una cookie es un fichero que se descarga en el equipo del Usuario al acceder a determinados sitios web. Las cookies permiten al sitio web, entre otras cosas, almacenar y recuperar informaci\u00f3n sobre los h\u00e1bitos de navegaci\u00f3n del Usuario o de su equipo y, dependiendo de la informaci\u00f3n que contengan y de la forma en que utilice su equipo, pueden utilizarse para reconocer al Usuario.<\/p>\n<ol>\n<li style=\"list-style-type: none;\">\n<ol>\n<li style=\"list-style-type: none;\">\n<ol start=\"2\">\n<li>Tipos de cookies que puede utilizar este Sitio Web.<\/li>\n<\/ol>\n<ul>\n<li>Cookies propias: Son aqu\u00e9llas que se env\u00edan al equipo terminal del Usuario desde un equipo o dominio gestionado por el Titular y desde el que se presta el servicio solicitado por el Usuario.<\/li>\n<li>Cookies de terceros: Son aqu\u00e9llas que se env\u00edan al equipo terminal del Usuario desde un equipo o dominio que no es gestionado por el Titular, sino por otra entidad que trata los datos obtenidos trav\u00e9s de las cookies.<\/li>\n<li>Cookies de sesi\u00f3n: Son un tipo de cookies dise\u00f1adas para recabar y almacenar datos mientras el Usuario accede a un sitio web.<\/li>\n<li>Cookies persistentes: Son un tipo de cookies en el que los datos siguen almacenados en el terminal y pueden ser accedidos y tratados durante un periodo definido por el responsable de la cookie, y que puede ir de unos minutos a varios a\u00f1os.<\/li>\n<li>Cookies de an\u00e1lisis: Son aqu\u00e9llas que bien tratadas por el Titular o por terceros, permiten cuantificar el n\u00famero de Usuarios y as\u00ed realizar la medici\u00f3n y an\u00e1lisis estad\u00edstico de la utilizaci\u00f3n que hacen los Usuarios del servicio ofertado. Para ello se analiza su navegaci\u00f3n con el fin de mejorar la oferta de productos o servicios que se ofrecen.<\/li>\n<\/ul>\n<\/li>\n<li style=\"list-style-type: none;\">\n<ol start=\"3\">\n<li>Revocaci\u00f3n y eliminaci\u00f3n de cookies.<\/li>\n<\/ol>\n<\/li>\n<\/ol>\n<\/li>\n<\/ol>\n<p>El Usuario puede permitir, bloquear o eliminar las cookies instaladas en el equipo mediante la configuraci\u00f3n de las opciones del navegador instalado, en caso que no permita la instalaci\u00f3n de cookies en su navegador es posible que no pueda acceder a alguna de las secciones del Sitio Web. Se puede encontrar informaci\u00f3n sobre c\u00f3mo configurar las cookies seg\u00fan el navegador utilizado en los siguientes enlaces (enlaces v\u00e1lidos a la fecha de edici\u00f3n del presente texto)<\/p>\n<p>Para m\u00e1s informaci\u00f3n sobre c\u00f3mo bloquear el uso de cookies en\u00a0<strong>Explorer<\/strong><\/p>\n<p>&nbsp;<\/p>\n<p><u><a href=\"http:\/\/windows.microsoft.com\/es-es\/windows7\/how-to-manage-cookies-in-internet-explorer-9\">https:\/\/support.microsoft.com\/es-es\/help\/17442\/windows-internet-explorer-delete-manage-cookies<\/a><\/u><\/p>\n<p>Para m\u00e1s informaci\u00f3n sobre c\u00f3mo bloquear el uso de cookies en\u00a0<strong>Chrome<\/strong><\/p>\n<p>&nbsp;<\/p>\n<p><u><a href=\"http:\/\/support.google.com\/chrome\/bin\/answer.py?hl=es&amp;answer=95647\">http:\/\/support.google.com\/chrome\/bin\/answer.py?hl=es&amp;answer=95647<\/a><\/u><\/p>\n<p>Para m\u00e1s informaci\u00f3n sobre c\u00f3mo bloquear el uso de cookies en\u00a0<strong>Firefox<\/strong><\/p>\n<p><strong>\u00a0<\/strong><\/p>\n<p><u><a href=\"http:\/\/support.mozilla.org\/es\/kb\/habilitar-y-deshabilitar-cookies-que-los-sitios-we\">http:\/\/support.mozilla.org\/es\/kb\/habilitar-y-deshabilitar-cookies-que-los-sitios-we<\/a><\/u><\/p>\n<p>Para m\u00e1s informaci\u00f3n sobre c\u00f3mo bloquear el uso de cookies en\u00a0<strong>Safari<\/strong><\/p>\n<p>&nbsp;<\/p>\n<p><u><a href=\"http:\/\/support.apple.com\/kb\/ph5042\">http:\/\/support.apple.com\/kb\/ph5042<\/a><\/u><\/p>\n<p>&nbsp;<\/p>\n<p>El Titular no se hace responsable del contenido y veracidad de las pol\u00edticas de privacidad de los terceros incluidos en los enlaces de este Aviso Legal.<\/p>\n<ol>\n<li style=\"list-style-type: none;\">\n<ol>\n<li style=\"list-style-type: none;\">\n<ol start=\"4\">\n<li>Terceros prestadores de servicios.<\/li>\n<\/ol>\n<\/li>\n<\/ol>\n<\/li>\n<\/ol>\n<p>En concreto los terceros con los que se ha gestionado alg\u00fan servicio para el que es necesaria la utilizaci\u00f3n de cookies son:<\/p>\n<table width=\"0\">\n<tbody>\n<tr>\n<td width=\"120\"><strong>Proveedor<\/strong><\/p>\n<p><strong>\u00a0<\/strong><\/td>\n<td width=\"151\"><strong>Finalidad de la cookie<\/strong><\/td>\n<td width=\"265\"><strong>Descripci\u00f3n de la finalidad de la cookie<\/strong><\/td>\n<td width=\"176\"><strong>Plazo de conservaci\u00f3n<\/strong><\/td>\n<\/tr>\n<tr>\n<td width=\"120\">&nbsp;<\/td>\n<td width=\"151\">&nbsp;<\/td>\n<td width=\"265\">&nbsp;<\/td>\n<td width=\"176\"><u>\u00a0<\/u><\/td>\n<\/tr>\n<tr>\n<td width=\"120\">&nbsp;<\/td>\n<td width=\"151\">&nbsp;<\/td>\n<td width=\"265\">&nbsp;<\/td>\n<td width=\"176\">&nbsp;<\/td>\n<\/tr>\n<tr>\n<td width=\"120\">&nbsp;<\/td>\n<td width=\"151\">&nbsp;<\/td>\n<td width=\"265\">&nbsp;<\/td>\n<td width=\"176\">&nbsp;<\/td>\n<\/tr>\n<tr>\n<td width=\"120\">&nbsp;<\/td>\n<td width=\"151\">&nbsp;<\/td>\n<td width=\"265\">&nbsp;<\/td>\n<td width=\"176\">&nbsp;<\/td>\n<\/tr>\n<tr>\n<td width=\"120\">&nbsp;<\/td>\n<td width=\"151\">&nbsp;<\/td>\n<td width=\"265\">&nbsp;<\/td>\n<td width=\"176\">&nbsp;<\/td>\n<\/tr>\n<tr>\n<td width=\"120\">&nbsp;<\/td>\n<td width=\"151\">&nbsp;<\/td>\n<td width=\"265\">&nbsp;<\/td>\n<td width=\"176\">&nbsp;<\/td>\n<\/tr>\n<tr>\n<td width=\"120\">&nbsp;<\/td>\n<td width=\"151\">&nbsp;<\/td>\n<td width=\"265\">&nbsp;<\/td>\n<td width=\"176\">&nbsp;<\/td>\n<\/tr>\n<tr>\n<td width=\"120\">&nbsp;<\/td>\n<td width=\"151\">&nbsp;<\/td>\n<td width=\"265\">&nbsp;<\/td>\n<td width=\"176\">&nbsp;<\/td>\n<\/tr>\n<tr>\n<td width=\"120\">&nbsp;<\/td>\n<td width=\"151\">&nbsp;<\/td>\n<td width=\"265\">&nbsp;<\/td>\n<td width=\"176\">&nbsp;<\/td>\n<\/tr>\n<tr>\n<td width=\"120\">&nbsp;<\/td>\n<td width=\"151\">&nbsp;<\/td>\n<td width=\"265\">&nbsp;<\/td>\n<td width=\"176\">&nbsp;<\/td>\n<\/tr>\n<tr>\n<td width=\"120\">&nbsp;<\/td>\n<td width=\"151\">&nbsp;<\/td>\n<td width=\"265\">&nbsp;<\/td>\n<td width=\"176\">&nbsp;<\/td>\n<\/tr>\n<tr>\n<td width=\"120\">&nbsp;<\/td>\n<td width=\"151\">&nbsp;<\/td>\n<td width=\"265\">&nbsp;<\/td>\n<td width=\"176\">&nbsp;<\/td>\n<\/tr>\n<tr>\n<td width=\"120\">&nbsp;<\/td>\n<td width=\"151\">&nbsp;<\/td>\n<td width=\"265\">&nbsp;<\/td>\n<td width=\"176\">&nbsp;<\/td>\n<\/tr>\n<tr>\n<td width=\"120\">&nbsp;<\/td>\n<td width=\"151\">&nbsp;<\/td>\n<td width=\"265\">&nbsp;<\/td>\n<td width=\"176\">&nbsp;<\/td>\n<\/tr>\n<tr>\n<td width=\"120\">&nbsp;<\/td>\n<td width=\"151\">&nbsp;<\/td>\n<td width=\"265\">&nbsp;<\/td>\n<td width=\"176\">&nbsp;<\/td>\n<\/tr>\n<tr>\n<td width=\"120\">&nbsp;<\/td>\n<td width=\"151\">&nbsp;<\/td>\n<td width=\"265\">&nbsp;<\/td>\n<td width=\"176\">&nbsp;<\/td>\n<\/tr>\n<tr>\n<td width=\"120\">&nbsp;<\/td>\n<td width=\"151\">&nbsp;<\/td>\n<td width=\"265\">&nbsp;<\/td>\n<td width=\"176\">&nbsp;<\/td>\n<\/tr>\n<\/tbody>\n<\/table>\n<p>&nbsp;<\/p>\n<p>El Titular declina cualquier responsabilidad respecto al contenido y veracidad de la informaci\u00f3n y pol\u00edticas de privacidad relativas a las cookies de terceros.<\/p>\n<p>Para m\u00e1s informaci\u00f3n sobre el uso de cookies en este Sitio Web el Usuario puede solicitarla a trav\u00e9s del formulario de contacto o bejarano@bigdatabp.com<\/p>\n<p>La presente pol\u00edtica fue modificada a fecha el 21 de mayo de 2021.<\/p>\n<p>[\/et_pb_text][\/et_pb_column][\/et_pb_row][\/et_pb_section]<\/p>\n","protected":false},"excerpt":{"rendered":"<p>Pol\u00edtica de Cookies Definici\u00f3n y funciones de las cookies. Una cookie es un fichero que se descarga en el equipo del Usuario al acceder a determinados sitios web. Las cookies permiten al sitio web, entre otras cosas, almacenar y recuperar informaci\u00f3n sobre los h\u00e1bitos de navegaci\u00f3n del Usuario o de su equipo y, dependiendo de [&hellip;]<\/p>\n","protected":false},"author":1,"featured_media":0,"parent":0,"menu_order":0,"comment_status":"closed","ping_status":"closed","template":"","meta":{"_et_pb_use_builder":"on","_et_pb_old_content":"<!-- wp:divi\/placeholder \/-->","_et_gb_content_width":"","footnotes":""},"class_list":["post-1095","page","type-page","status-publish","hentry"],"yoast_head":"<!-- This site is optimized with the Yoast SEO plugin v27.5 - https:\/\/yoast.com\/product\/yoast-seo-wordpress\/ -->\n<title>Pol\u00edtica de cookies - BigdataBP<\/title>\n<meta name=\"robots\" content=\"index, follow, max-snippet:-1, max-image-preview:large, max-video-preview:-1\" \/>\n<link rel=\"canonical\" href=\"https:\/\/www.bigdatabp.com\/en\/politica-de-cookies\/\" \/>\n<meta property=\"og:locale\" content=\"en_US\" \/>\n<meta property=\"og:type\" content=\"article\" \/>\n<meta property=\"og:title\" content=\"Pol\u00edtica de cookies - BigdataBP\" \/>\n<meta property=\"og:description\" content=\"Pol\u00edtica de Cookies Definici\u00f3n y funciones de las cookies. Una cookie es un fichero que se descarga en el equipo del Usuario al acceder a determinados sitios web. Las cookies permiten al sitio web, entre otras cosas, almacenar y recuperar informaci\u00f3n sobre los h\u00e1bitos de navegaci\u00f3n del Usuario o de su equipo y, dependiendo de [&hellip;]\" \/>\n<meta property=\"og:url\" content=\"https:\/\/www.bigdatabp.com\/en\/politica-de-cookies\/\" \/>\n<meta property=\"og:site_name\" content=\"BigdataBP\" \/>\n<meta property=\"article:modified_time\" content=\"2022-03-07T12:00:51+00:00\" \/>\n<meta name=\"twitter:card\" content=\"summary_large_image\" \/>\n<meta name=\"twitter:label1\" content=\"Est. reading time\" \/>\n\t<meta name=\"twitter:data1\" content=\"4 minutes\" \/>\n<script type=\"application\/ld+json\" class=\"yoast-schema-graph\">{\"@context\":\"https:\\\/\\\/schema.org\",\"@graph\":[{\"@type\":\"WebPage\",\"@id\":\"https:\\\/\\\/www.bigdatabp.com\\\/en\\\/politica-de-cookies\\\/\",\"url\":\"https:\\\/\\\/www.bigdatabp.com\\\/en\\\/politica-de-cookies\\\/\",\"name\":\"Pol\u00edtica de cookies - BigdataBP\",\"isPartOf\":{\"@id\":\"https:\\\/\\\/www.bigdatabp.com\\\/#website\"},\"datePublished\":\"2021-01-25T11:54:25+00:00\",\"dateModified\":\"2022-03-07T12:00:51+00:00\",\"breadcrumb\":{\"@id\":\"https:\\\/\\\/www.bigdatabp.com\\\/en\\\/politica-de-cookies\\\/#breadcrumb\"},\"inLanguage\":\"en-US\",\"potentialAction\":[{\"@type\":\"ReadAction\",\"target\":[\"https:\\\/\\\/www.bigdatabp.com\\\/en\\\/politica-de-cookies\\\/\"]}]},{\"@type\":\"BreadcrumbList\",\"@id\":\"https:\\\/\\\/www.bigdatabp.com\\\/en\\\/politica-de-cookies\\\/#breadcrumb\",\"itemListElement\":[{\"@type\":\"ListItem\",\"position\":1,\"name\":\"Portada\",\"item\":\"https:\\\/\\\/www.bigdatabp.com\\\/en\\\/\"},{\"@type\":\"ListItem\",\"position\":2,\"name\":\"Pol\u00edtica de cookies\"}]},{\"@type\":\"WebSite\",\"@id\":\"https:\\\/\\\/www.bigdatabp.com\\\/#website\",\"url\":\"https:\\\/\\\/www.bigdatabp.com\\\/\",\"name\":\"BigdataBP\",\"description\":\"ERP Cloud\",\"potentialAction\":[{\"@type\":\"SearchAction\",\"target\":{\"@type\":\"EntryPoint\",\"urlTemplate\":\"https:\\\/\\\/www.bigdatabp.com\\\/?s={search_term_string}\"},\"query-input\":{\"@type\":\"PropertyValueSpecification\",\"valueRequired\":true,\"valueName\":\"search_term_string\"}}],\"inLanguage\":\"en-US\"}]}<\/script>\n<!-- \/ Yoast SEO plugin. -->","yoast_head_json":{"title":"Pol\u00edtica de cookies - BigdataBP","robots":{"index":"index","follow":"follow","max-snippet":"max-snippet:-1","max-image-preview":"max-image-preview:large","max-video-preview":"max-video-preview:-1"},"canonical":"https:\/\/www.bigdatabp.com\/en\/politica-de-cookies\/","og_locale":"en_US","og_type":"article","og_title":"Pol\u00edtica de cookies - BigdataBP","og_description":"Pol\u00edtica de Cookies Definici\u00f3n y funciones de las cookies. Una cookie es un fichero que se descarga en el equipo del Usuario al acceder a determinados sitios web. Las cookies permiten al sitio web, entre otras cosas, almacenar y recuperar informaci\u00f3n sobre los h\u00e1bitos de navegaci\u00f3n del Usuario o de su equipo y, dependiendo de [&hellip;]","og_url":"https:\/\/www.bigdatabp.com\/en\/politica-de-cookies\/","og_site_name":"BigdataBP","article_modified_time":"2022-03-07T12:00:51+00:00","twitter_card":"summary_large_image","twitter_misc":{"Est. reading time":"4 minutes"},"schema":{"@context":"https:\/\/schema.org","@graph":[{"@type":"WebPage","@id":"https:\/\/www.bigdatabp.com\/en\/politica-de-cookies\/","url":"https:\/\/www.bigdatabp.com\/en\/politica-de-cookies\/","name":"Pol\u00edtica de cookies - BigdataBP","isPartOf":{"@id":"https:\/\/www.bigdatabp.com\/#website"},"datePublished":"2021-01-25T11:54:25+00:00","dateModified":"2022-03-07T12:00:51+00:00","breadcrumb":{"@id":"https:\/\/www.bigdatabp.com\/en\/politica-de-cookies\/#breadcrumb"},"inLanguage":"en-US","potentialAction":[{"@type":"ReadAction","target":["https:\/\/www.bigdatabp.com\/en\/politica-de-cookies\/"]}]},{"@type":"BreadcrumbList","@id":"https:\/\/www.bigdatabp.com\/en\/politica-de-cookies\/#breadcrumb","itemListElement":[{"@type":"ListItem","position":1,"name":"Portada","item":"https:\/\/www.bigdatabp.com\/en\/"},{"@type":"ListItem","position":2,"name":"Pol\u00edtica de cookies"}]},{"@type":"WebSite","@id":"https:\/\/www.bigdatabp.com\/#website","url":"https:\/\/www.bigdatabp.com\/","name":"BigdataBP","description":"ERP Cloud","potentialAction":[{"@type":"SearchAction","target":{"@type":"EntryPoint","urlTemplate":"https:\/\/www.bigdatabp.com\/?s={search_term_string}"},"query-input":{"@type":"PropertyValueSpecification","valueRequired":true,"valueName":"search_term_string"}}],"inLanguage":"en-US"}]}},"_links":{"self":[{"href":"https:\/\/www.bigdatabp.com\/en\/wp-json\/wp\/v2\/pages\/1095","targetHints":{"allow":["GET"]}}],"collection":[{"href":"https:\/\/www.bigdatabp.com\/en\/wp-json\/wp\/v2\/pages"}],"about":[{"href":"https:\/\/www.bigdatabp.com\/en\/wp-json\/wp\/v2\/types\/page"}],"author":[{"embeddable":true,"href":"https:\/\/www.bigdatabp.com\/en\/wp-json\/wp\/v2\/users\/1"}],"replies":[{"embeddable":true,"href":"https:\/\/www.bigdatabp.com\/en\/wp-json\/wp\/v2\/comments?post=1095"}],"version-history":[{"count":1,"href":"https:\/\/www.bigdatabp.com\/en\/wp-json\/wp\/v2\/pages\/1095\/revisions"}],"predecessor-version":[{"id":1096,"href":"https:\/\/www.bigdatabp.com\/en\/wp-json\/wp\/v2\/pages\/1095\/revisions\/1096"}],"wp:attachment":[{"href":"https:\/\/www.bigdatabp.com\/en\/wp-json\/wp\/v2\/media?parent=1095"}],"curies":[{"name":"wp","href":"https:\/\/api.w.org\/{rel}","templated":true}]}}