{"id":1103,"date":"2021-01-25T12:54:05","date_gmt":"2021-01-25T11:54:05","guid":{"rendered":"https:\/\/www.bigdatabp.com\/politica-de-privacidad\/"},"modified":"2021-01-25T12:54:05","modified_gmt":"2021-01-25T11:54:05","slug":"politica-de-privacidad","status":"publish","type":"page","link":"https:\/\/www.bigdatabp.com\/en\/politica-de-privacidad\/","title":{"rendered":"Pol\u00edtica de Privacidad"},"content":{"rendered":"[et_pb_section fb_built=&#8221;1&#8243; _builder_version=&#8221;4.7.7&#8243; _module_preset=&#8221;default&#8221;][et_pb_row _builder_version=&#8221;4.7.7&#8243; _module_preset=&#8221;default&#8221; custom_margin=&#8221;-41px|auto||auto||&#8221; custom_padding=&#8221;0px|||||&#8221;][et_pb_column type=&#8221;4_4&#8243; _builder_version=&#8221;4.7.7&#8243; _module_preset=&#8221;default&#8221;][et_pb_text _builder_version=&#8221;4.7.7&#8243; _module_preset=&#8221;default&#8221;]<p><\/p>\n<p>&nbsp;<\/p>\n<p><strong>Pol\u00edtica de privacidad.<\/strong><\/p>\n<p>\u00a0<span style=\"font-size: 14px;\">El Titular se compromete a cumplir con la normativa en materia de Protecci\u00f3n de Datos de car\u00e1cter personal y a respetar la privacidad de los Usuarios. El objetivo es ofrecer el mejor servicio al Usuario y para ello es necesario contar con sus datos.<\/span><\/p>\n<p>\u00a0<span style=\"font-size: 14px;\">Responsable del Tratamiento<\/span><\/p>\n<p>\u00a0<span style=\"font-size: 14px;\">BIGDATABP SOLUCIONES EMPRESARIALES, S.L.<br \/><\/span><span style=\"font-size: 14px;\">\u00a0<\/span><span style=\"font-size: 14px;\">NIF: B11974227<br \/><\/span><span style=\"font-size: 14px;\">\u00a0Domicilio: C\/ S\u00f3crates, 40. 11.407 Jerez de la Frontera, C\u00e1diz<br \/><\/span><span style=\"font-size: 14px;\">\u00a0<\/span><span style=\"font-size: 14px;\">Tel\u00e9fono: 646971311<br \/><\/span><span style=\"font-size: 14px;\">\u00a0<\/span><span style=\"font-size: 14px;\">Email: <\/span><a href=\"mailto:info@bigdatabp.com\" style=\"font-size: 14px;\">info@bigdatap.com<\/a><\/p>\n<p>\u00a0<strong style=\"font-size: 14px;\"><u>Finalidades<\/u><\/strong><\/p>\n<p>\u00a0<u style=\"font-size: 14px;\">Atenci\u00f3n de consultas<\/u><span style=\"font-size: 14px;\">: Atender las consultas del Usuario que se ponga en contacto a trav\u00e9s de los Formularios.<\/span><\/p>\n<p>\u00a0<u style=\"font-size: 14px;\">Prestar el servicio solicitado por el Usuario<\/u><span style=\"font-size: 14px;\">: Tramitaci\u00f3n del alta como usuario del Sitio Web con la finalidad de prestarle los servicios que se ofertan.<\/span><\/p>\n<p>\u00a0<u style=\"font-size: 14px;\">Datos de navegaci\u00f3n<\/u><span style=\"font-size: 14px;\">: Datos recogido los las cookies propias o de terceros que puedan ser generadas por este Sitio Web y de las que se informa de forma espec\u00edfica en la Pol\u00edtica de Cookies.<\/span><\/p>\n<p>\u00a0<u style=\"font-size: 14px;\">Comunicaciones comerciales<\/u><span style=\"font-size: 14px;\">: Para el Usuario que voluntariamente acepte esta opci\u00f3n, se le remitir\u00e1n promociones, publicidad, ofertas, noticias, invitaci\u00f3n a eventos y cualquier tipo de informaci\u00f3n comercial del Titular.<\/span><\/p>\n<p>\u00a0<u style=\"font-size: 14px;\">Comunicaciones comerciales personalizadas<\/u><span style=\"font-size: 14px;\">: Para el Usuario que voluntariamente acepte esta opci\u00f3n, se le remitir\u00e1n promociones, publicidad, ofertas, noticias, invitaci\u00f3n a eventos y cualquier tipo de informaci\u00f3n comercial personalizada que el Titular pueda determinar en funci\u00f3n de su comportamiento, preferencias y perfil personal.<\/span><\/p>\n<p>\u00a0<u style=\"font-size: 14px;\">Legitimaci\u00f3n y conservaci\u00f3n<\/u><\/p>\n<p>\u00a0<span style=\"font-size: 14px;\">Base jur\u00eddica del tratamiento: Consentimiento otorgado por el Usuario facilitando sus datos de forma voluntaria y aceptando la Pol\u00edtica de Privacidad.<\/span><\/p>\n<p>\u00a0<span style=\"font-size: 14px;\">En caso de no facilitar los datos necesarios para estas finalidades no ser\u00e1 posible prestarle los servicios. Los datos se conservar\u00e1n mientras se mantenga le relaci\u00f3n y no se solicite su supresi\u00f3n y en cualquier caso en cumplimiento de plazos legales de prescripci\u00f3n que le resulten de aplicaci\u00f3n.<\/span><\/p>\n<p>\u00a0<u style=\"font-size: 14px;\">Cesiones<\/u><\/p>\n<p>\u00a0<span style=\"font-size: 14px;\">No se tienen previstas cesiones de los datos recabados a trav\u00e9s de este Sitio Web, salvo que expresamente se indique, en su caso, en el texto informativo correspondiente.<\/span><\/p>\n<p>\u00a0<u style=\"font-size: 14px;\">Derechos de los interesados<\/u><\/p>\n<p>\u00a0<span style=\"font-size: 14px;\">Los Usuarios pueden ejercitar sus derechos de acceso, rectificaci\u00f3n, supresi\u00f3n, portabilidad y la limitaci\u00f3n u oposici\u00f3n enviando solicitud firmada por correo postal con asunto \u201cProtecci\u00f3n de Datos\u201d, a la direcci\u00f3n: C\/ S\u00f3crates, 40. 11.407 Jerez de la Frontera, C\u00e1diz, indicando claramente los datos de contacto y remitiendo copia de su documento de identidad. Los Usuarios tienen derecho a retirar el consentimiento prestado y tienen derecho a reclamar ante la Autoridad de Control (Agencia Espa\u00f1ola de Protecci\u00f3n de Datos www.agpd.es).<\/span><\/p>\n<p>\u00a01.\u00a0<span style=\"font-size: 14px;\">Campos de texto libre<\/span><\/p>\n<p>\u00a0<span style=\"font-size: 14px;\">Los campos de texto libre que, a disposici\u00f3n del Usuario, puedan aparecer en los formularios del Sitio Web tienen como \u00fanica y exclusiva finalidad el recabar informaci\u00f3n para mejorar la calidad de los Servicios.<\/span><\/p>\n<p>\u00a0<span style=\"font-size: 14px;\">El Usuario no incluir\u00e1, en aquellos espacios que el Sitio Web pueda ofertar como &#8220;campos de texto libre&#8221;, ning\u00fan dato de car\u00e1cter personal que pueda ser calificado dentro de aquellos datos para los que se exige un nivel de protecci\u00f3n especial, entendi\u00e9ndose como tales datos, a t\u00edtulo enunciativo y no limitativo, los relativos a situaci\u00f3n econ\u00f3mico-financiera, perfiles psicol\u00f3gicos, ideolog\u00eda, religi\u00f3n, creencias, afiliaci\u00f3n sindical, salud, origen racial y\/o vida sexual.<\/span><\/p>\n<p>\u00a02.\u00a0<span style=\"font-size: 14px;\">Campos no obligatorios<\/span><\/p>\n<p>\u00a0<span style=\"font-size: 14px;\">El Titular comunica al Usuario el car\u00e1cter no obligatorio de la recogida de algunos datos, salvo en los campos que se indique lo contrario mediante un (*). No obstante, la no cumplimentaci\u00f3n de dichos datos podr\u00e1 impedir prestar todos aquellos Servicios vinculados a tales datos, liber\u00e1ndole de toda responsabilidad por la no prestaci\u00f3n o prestaci\u00f3n incompleta de estos Servicios.<\/span><\/p>\n<p>\u00a03.\u00a0<span style=\"font-size: 14px;\">Acceso y rectificaci\u00f3n de los datos personales<\/span><\/p>\n<p>\u00a0<span style=\"font-size: 14px;\">El Usuario se compromete a proporcionar informaci\u00f3n cierta en relaci\u00f3n con sus datos personales, y mantener los datos facilitados al Titular siempre actualizados. El Usuario responder\u00e1, en cualquier caso, de la veracidad de los datos facilitados, reserv\u00e1ndose el Titular el derecho de excluir de los servicios a todo Usuario que haya facilitado datos falsos, sin perjuicio de las dem\u00e1s acciones que procedan en Derecho. Los datos facilitados por el Usuario se presumir\u00e1n correctos, por lo que, en caso de env\u00edo err\u00f3neo de sus datos por parte del Usuario, el Titular, declina cualquier responsabilidad en caso de la incorrecta ejecuci\u00f3n o no ejecuci\u00f3n del env\u00edo, as\u00ed como el incorrecto cumplimiento de los tr\u00e1mites administrativos necesarios.<\/span><span style=\"font-size: 14px;\">\u00a0<\/span><\/p>\n<ol start=\"4\">\n<li>Comunicaci\u00f3n de datos personales\u00a0<\/li>\n<\/ol>\n<p>En relaci\u00f3n a la gesti\u00f3n de los servicios, los datos de los Usuarios podr\u00e1n ser tratados por empresas que presten al Titular diversos servicios, entre otros, de env\u00edo, mensajer\u00eda, contabilidad, asesor\u00eda, mantenimiento inform\u00e1tico, o cualquier otro que por su condici\u00f3n de Encargada del Tratamiento sea indispensable o inevitable que accedan o traten estos datos. Este tratamiento no ser\u00e1 considerado en ning\u00fan caso una cesi\u00f3n de datos.<span style=\"font-size: 14px;\">\u00a0<\/span><\/p>\n<p>El Titular no ceder\u00e1 sus datos a terceras personas en ning\u00fan caso.<span style=\"font-size: 14px;\">\u00a0<\/span><\/p>\n<ol start=\"5\">\n<li>Confidencialidad\u00a0<\/li>\n<\/ol>\n<p>Adem\u00e1s, tambi\u00e9n tendr\u00e1 la condici\u00f3n de confidencial la informaci\u00f3n de cualquier tipo que las partes intercambien entre s\u00ed, aquella que \u00e9stas acuerden que tiene tal naturaleza, o la que simplemente verse sobre el contenido de dicha informaci\u00f3n. La visualizaci\u00f3n de datos a trav\u00e9s de Internet, no supondr\u00e1 el acceso directo a los mismos, salvo consentimiento expreso de su titular para cada ocasi\u00f3n.<span style=\"font-size: 14px;\">\u00a0<\/span><\/p>\n<p><\/p>\n<p>&nbsp;<\/p>[\/et_pb_text][\/et_pb_column][\/et_pb_row][\/et_pb_section]","protected":false},"excerpt":{"rendered":"<p>&nbsp; Pol\u00edtica de privacidad. \u00a0El Titular se compromete a cumplir con la normativa en materia de Protecci\u00f3n de Datos de car\u00e1cter personal y a respetar la privacidad de los Usuarios. El objetivo es ofrecer el mejor servicio al Usuario y para ello es necesario contar con sus datos. \u00a0Responsable del Tratamiento \u00a0BIGDATABP SOLUCIONES EMPRESARIALES, S.L.\u00a0NIF: [&hellip;]<\/p>\n","protected":false},"author":1,"featured_media":0,"parent":0,"menu_order":0,"comment_status":"closed","ping_status":"closed","template":"","meta":{"_et_pb_use_builder":"on","_et_pb_old_content":"<!-- wp:divi\/placeholder \/-->","_et_gb_content_width":"","footnotes":""},"class_list":["post-1103","page","type-page","status-publish","hentry"],"yoast_head":"<!-- This site is optimized with the Yoast SEO plugin v27.5 - https:\/\/yoast.com\/product\/yoast-seo-wordpress\/ -->\n<title>Pol\u00edtica de Privacidad - BigdataBP<\/title>\n<meta name=\"robots\" content=\"index, follow, max-snippet:-1, max-image-preview:large, max-video-preview:-1\" \/>\n<link rel=\"canonical\" href=\"https:\/\/www.bigdatabp.com\/en\/politica-de-privacidad\/\" \/>\n<meta property=\"og:locale\" content=\"en_US\" \/>\n<meta property=\"og:type\" content=\"article\" \/>\n<meta property=\"og:title\" content=\"Pol\u00edtica de Privacidad - BigdataBP\" \/>\n<meta property=\"og:description\" content=\"&nbsp; Pol\u00edtica de privacidad. \u00a0El Titular se compromete a cumplir con la normativa en materia de Protecci\u00f3n de Datos de car\u00e1cter personal y a respetar la privacidad de los Usuarios. El objetivo es ofrecer el mejor servicio al Usuario y para ello es necesario contar con sus datos. \u00a0Responsable del Tratamiento \u00a0BIGDATABP SOLUCIONES EMPRESARIALES, S.L.\u00a0NIF: [&hellip;]\" \/>\n<meta property=\"og:url\" content=\"https:\/\/www.bigdatabp.com\/en\/politica-de-privacidad\/\" \/>\n<meta property=\"og:site_name\" content=\"BigdataBP\" \/>\n<meta name=\"twitter:card\" content=\"summary_large_image\" \/>\n<meta name=\"twitter:label1\" content=\"Est. reading time\" \/>\n\t<meta name=\"twitter:data1\" content=\"5 minutes\" \/>\n<script type=\"application\/ld+json\" class=\"yoast-schema-graph\">{\"@context\":\"https:\\\/\\\/schema.org\",\"@graph\":[{\"@type\":\"WebPage\",\"@id\":\"https:\\\/\\\/www.bigdatabp.com\\\/en\\\/politica-de-privacidad\\\/\",\"url\":\"https:\\\/\\\/www.bigdatabp.com\\\/en\\\/politica-de-privacidad\\\/\",\"name\":\"Pol\u00edtica de Privacidad - BigdataBP\",\"isPartOf\":{\"@id\":\"https:\\\/\\\/www.bigdatabp.com\\\/#website\"},\"datePublished\":\"2021-01-25T11:54:05+00:00\",\"breadcrumb\":{\"@id\":\"https:\\\/\\\/www.bigdatabp.com\\\/en\\\/politica-de-privacidad\\\/#breadcrumb\"},\"inLanguage\":\"en-US\",\"potentialAction\":[{\"@type\":\"ReadAction\",\"target\":[\"https:\\\/\\\/www.bigdatabp.com\\\/en\\\/politica-de-privacidad\\\/\"]}]},{\"@type\":\"BreadcrumbList\",\"@id\":\"https:\\\/\\\/www.bigdatabp.com\\\/en\\\/politica-de-privacidad\\\/#breadcrumb\",\"itemListElement\":[{\"@type\":\"ListItem\",\"position\":1,\"name\":\"Portada\",\"item\":\"https:\\\/\\\/www.bigdatabp.com\\\/en\\\/\"},{\"@type\":\"ListItem\",\"position\":2,\"name\":\"Pol\u00edtica de Privacidad\"}]},{\"@type\":\"WebSite\",\"@id\":\"https:\\\/\\\/www.bigdatabp.com\\\/#website\",\"url\":\"https:\\\/\\\/www.bigdatabp.com\\\/\",\"name\":\"BigdataBP\",\"description\":\"ERP Cloud\",\"potentialAction\":[{\"@type\":\"SearchAction\",\"target\":{\"@type\":\"EntryPoint\",\"urlTemplate\":\"https:\\\/\\\/www.bigdatabp.com\\\/?s={search_term_string}\"},\"query-input\":{\"@type\":\"PropertyValueSpecification\",\"valueRequired\":true,\"valueName\":\"search_term_string\"}}],\"inLanguage\":\"en-US\"}]}<\/script>\n<!-- \/ Yoast SEO plugin. -->","yoast_head_json":{"title":"Pol\u00edtica de Privacidad - BigdataBP","robots":{"index":"index","follow":"follow","max-snippet":"max-snippet:-1","max-image-preview":"max-image-preview:large","max-video-preview":"max-video-preview:-1"},"canonical":"https:\/\/www.bigdatabp.com\/en\/politica-de-privacidad\/","og_locale":"en_US","og_type":"article","og_title":"Pol\u00edtica de Privacidad - BigdataBP","og_description":"&nbsp; Pol\u00edtica de privacidad. \u00a0El Titular se compromete a cumplir con la normativa en materia de Protecci\u00f3n de Datos de car\u00e1cter personal y a respetar la privacidad de los Usuarios. El objetivo es ofrecer el mejor servicio al Usuario y para ello es necesario contar con sus datos. \u00a0Responsable del Tratamiento \u00a0BIGDATABP SOLUCIONES EMPRESARIALES, S.L.\u00a0NIF: [&hellip;]","og_url":"https:\/\/www.bigdatabp.com\/en\/politica-de-privacidad\/","og_site_name":"BigdataBP","twitter_card":"summary_large_image","twitter_misc":{"Est. reading time":"5 minutes"},"schema":{"@context":"https:\/\/schema.org","@graph":[{"@type":"WebPage","@id":"https:\/\/www.bigdatabp.com\/en\/politica-de-privacidad\/","url":"https:\/\/www.bigdatabp.com\/en\/politica-de-privacidad\/","name":"Pol\u00edtica de Privacidad - BigdataBP","isPartOf":{"@id":"https:\/\/www.bigdatabp.com\/#website"},"datePublished":"2021-01-25T11:54:05+00:00","breadcrumb":{"@id":"https:\/\/www.bigdatabp.com\/en\/politica-de-privacidad\/#breadcrumb"},"inLanguage":"en-US","potentialAction":[{"@type":"ReadAction","target":["https:\/\/www.bigdatabp.com\/en\/politica-de-privacidad\/"]}]},{"@type":"BreadcrumbList","@id":"https:\/\/www.bigdatabp.com\/en\/politica-de-privacidad\/#breadcrumb","itemListElement":[{"@type":"ListItem","position":1,"name":"Portada","item":"https:\/\/www.bigdatabp.com\/en\/"},{"@type":"ListItem","position":2,"name":"Pol\u00edtica de Privacidad"}]},{"@type":"WebSite","@id":"https:\/\/www.bigdatabp.com\/#website","url":"https:\/\/www.bigdatabp.com\/","name":"BigdataBP","description":"ERP Cloud","potentialAction":[{"@type":"SearchAction","target":{"@type":"EntryPoint","urlTemplate":"https:\/\/www.bigdatabp.com\/?s={search_term_string}"},"query-input":{"@type":"PropertyValueSpecification","valueRequired":true,"valueName":"search_term_string"}}],"inLanguage":"en-US"}]}},"_links":{"self":[{"href":"https:\/\/www.bigdatabp.com\/en\/wp-json\/wp\/v2\/pages\/1103","targetHints":{"allow":["GET"]}}],"collection":[{"href":"https:\/\/www.bigdatabp.com\/en\/wp-json\/wp\/v2\/pages"}],"about":[{"href":"https:\/\/www.bigdatabp.com\/en\/wp-json\/wp\/v2\/types\/page"}],"author":[{"embeddable":true,"href":"https:\/\/www.bigdatabp.com\/en\/wp-json\/wp\/v2\/users\/1"}],"replies":[{"embeddable":true,"href":"https:\/\/www.bigdatabp.com\/en\/wp-json\/wp\/v2\/comments?post=1103"}],"version-history":[{"count":0,"href":"https:\/\/www.bigdatabp.com\/en\/wp-json\/wp\/v2\/pages\/1103\/revisions"}],"wp:attachment":[{"href":"https:\/\/www.bigdatabp.com\/en\/wp-json\/wp\/v2\/media?parent=1103"}],"curies":[{"name":"wp","href":"https:\/\/api.w.org\/{rel}","templated":true}]}}