{"id":1335,"date":"2022-04-22T11:08:56","date_gmt":"2022-04-22T10:08:56","guid":{"rendered":"https:\/\/www.bigdatabp.com\/demo\/"},"modified":"2022-04-25T07:25:38","modified_gmt":"2022-04-25T06:25:38","slug":"demo","status":"publish","type":"page","link":"https:\/\/www.bigdatabp.com\/en\/demo\/","title":{"rendered":"demo"},"content":{"rendered":"<p>[et_pb_section fb_built=&#8221;1&#8243; _builder_version=&#8221;4.15&#8243; _module_preset=&#8221;default&#8221; use_background_color_gradient=&#8221;on&#8221; background_color_gradient_start=&#8221;#02478A&#8221; background_color_gradient_end=&#8221;rgba(119,99,99,0.44)&#8221; background_color_gradient_direction=&#8221;170deg&#8221; global_colors_info=&#8221;{}&#8221;][et_pb_row column_structure=&#8221;1_2,1_2&#8243; _builder_version=&#8221;4.15.1&#8243; _module_preset=&#8221;default&#8221; custom_margin=&#8221;-15px|auto||auto||&#8221; custom_padding=&#8221;||0px|||&#8221; global_colors_info=&#8221;{}&#8221;][et_pb_column type=&#8221;1_2&#8243; _builder_version=&#8221;4.15&#8243; _module_preset=&#8221;default&#8221; global_colors_info=&#8221;{}&#8221;][et_pb_text _builder_version=&#8221;4.15.1&#8243; _module_preset=&#8221;default&#8221; global_colors_info=&#8221;{}&#8221;]<\/p>\n<p><span style=\"color: #ffffff;\">\u00bfEs exclusivo del sector pesquero?<\/span><\/p>\n<p><span style=\"color: #ffffff;\">Nuestro ERP est\u00e1 dise\u00f1ado exclusivamente para empresas del sector pesquero, lo cual introduce una alta especializaci\u00f3n en el mismo.<\/span><\/p>\n<p><span style=\"color: #ffffff;\">Ofrecemos la \u00faltima tecnolog\u00eda en programaci\u00f3n Cloud ERP para trabajar sin importar d\u00f3nde se encuentre y facilitar a la empresa la toma de decisiones en tiempo real, pudiendo contar con grupos de trabajo geogr\u00e1ficamente dispersos.<\/span><\/p>\n<p><span style=\"color: #ffffff;\">\u00a0\u00bfLe ponen trabas a la hora de realizar cambios en la configuraci\u00f3n?<\/span><\/p>\n<p><span style=\"color: #ffffff;\">Desarrollamos software propio, lo que nos permite adaptar nuestro EPR a las necesidades de los clientes. P\u00f3nganos a prueba, nos gustan los retos.<\/span><\/p>\n<p><span style=\"color: #ffffff;\">\u00a0\u00bfSe adapta a los procesos en cada \u00e1rea?<\/span><\/p>\n<p><span style=\"color: #ffffff;\">Cada m\u00f3dulo de los que forman nuestro ERP ha sido dise\u00f1ado con todo detalle contando con la colaboraci\u00f3n directa del cliente en cada \u00e1rea de la empresa.<\/span><\/p>\n<p><span style=\"color: #ffffff;\">\u00a0\u00bfEs capaz de generar la colaboraci\u00f3n y comunicaci\u00f3n efectiva entre departamentos?<\/span><\/p>\n<p><span style=\"color: #ffffff;\">Contamos con herramientas de colaboraci\u00f3n que facilitan la comunicaci\u00f3n entre los departamentos que forman la empresa, permitiendo la gesti\u00f3n de grupos de trabajo, tareas, etc. asociados a cada uno de los procesos, con la posibilidad de ajustarse a las cargas de trabajo en cada momento.<\/span><\/p>\n<p>&nbsp;<\/p>\n<p>[\/et_pb_text][\/et_pb_column][et_pb_column type=&#8221;1_2&#8243; _builder_version=&#8221;4.15&#8243; _module_preset=&#8221;default&#8221; global_colors_info=&#8221;{}&#8221;][et_pb_text _builder_version=&#8221;4.15.1&#8243; _module_preset=&#8221;default&#8221; global_colors_info=&#8221;{}&#8221;]<\/p>\n<p><span style=\"color: #ffffff;\"><\/span><\/p>\n<p><span style=\"color: #ffffff;\"><\/span><\/p>\n<p><span style=\"color: #ffffff;\"><\/span><\/p>\n<p><span style=\"color: #ffffff;\">\u00bfCumple con todos los est\u00e1ndares de calidad y seguridad alimentaria?<\/span><\/p>\n<p><span style=\"color: #ffffff;\">Hemos prestado especial atenci\u00f3n para controlar todo el ciclo de vida del producto, con un alto grado de personalizaci\u00f3n en los datos de los procesos de producci\u00f3n y de almacenaje.<\/span><\/p>\n<p><span style=\"color: #ffffff;\">La Trazabilidad junto con la Calidad y Seguridad Alimentar\u00eda son parte fundamental de nuestro ERP para que la empresa pueda garantizar la seguridad de los productos y pasar las auditor\u00edas en esta materia como la certificaci\u00f3n IFS (International Food Standard), la norma BRC (British Retail Consortium) y la certificaci\u00f3n de Cadena de Custodia de MSC (Marine Stewardship Council).<\/span><\/p>\n<p><span style=\"color: #ffffff;\">\u00a0\u00bfDemasiados pagos por licencias?<\/span><\/p>\n<p><span style=\"color: #ffffff;\">Ofrecemos una facturaci\u00f3n clara y sencilla con un solo concepto. Las licencias no tienen coste de inversi\u00f3n (compra) y \u00fanicamente tienen un precio de suscripci\u00f3n mensual que cubre el uso, soporte y mantenimiento de las licencias.<\/span><\/p>\n<p><span style=\"color: #ffffff;\">Solicita una demos de nuestro ERP sin compromiso<\/span><\/p>\n<p>[\/et_pb_text][\/et_pb_column][\/et_pb_row][et_pb_row _builder_version=&#8221;4.15.1&#8243; _module_preset=&#8221;default&#8221; global_colors_info=&#8221;{}&#8221;][et_pb_column type=&#8221;4_4&#8243; _builder_version=&#8221;4.15.1&#8243; _module_preset=&#8221;default&#8221; global_colors_info=&#8221;{}&#8221;][et_pb_text _builder_version=&#8221;4.15.1&#8243; _module_preset=&#8221;default&#8221; text_text_color=&#8221;#ffffff&#8221; text_font_size=&#8221;36px&#8221; global_colors_info=&#8221;{}&#8221;]<\/p>\n<h3 style=\"text-align: center;\"><span style=\"color: #ffffff;\">Cont\u00e1ctenos e inf\u00f3rmese<\/span><\/h3>\n<p>[\/et_pb_text][et_pb_contact_form use_spam_service=&#8221;on&#8221; recaptcha_list=&#8221;Bigdatabp-0&#8243; email=&#8221;info@bigdatabp.com&#8221; custom_message=&#8221;FORMULARIO CONTACTO BIGDATABP||et_pb_line_break_holder||||et_pb_line_break_holder||Nombre: %%Nombre%%||et_pb_line_break_holder||Empresa: %%Empresa%%||et_pb_line_break_holder||Email: %%Email%%||et_pb_line_break_holder||Mensaje: %%Mensaje%%||et_pb_line_break_holder||||et_pb_line_break_holder||Consentimiento||et_pb_line_break_holder||&#8212;&#8212;&#8212;&#8212;&#8212;-||et_pb_line_break_holder||Acepto: %%RGPD%%||et_pb_line_break_holder||Acepto: %%RGPD2%%||et_pb_line_break_holder||Acepto: %%RGPD3%%||et_pb_line_break_holder||Acepto: %%RGPD4%%&#8221; success_message=&#8221;Muchas gracias por contactar con nosotros en breve nos pondremos en contacto.&#8221; _builder_version=&#8221;4.15.1&#8243; _module_preset=&#8221;default&#8221; _unique_id=&#8221;c8fc21f5-2090-4779-95db-5d98a415e81e&#8221; form_field_background_color=&#8221;#ffffff&#8221; form_field_text_color=&#8221;#000000&#8243; captcha_text_color=&#8221;#000000&#8243; custom_button=&#8221;on&#8221; button_text_color=&#8221;#436E9A&#8221; button_icon_color=&#8221;#ffffff&#8221; hover_enabled=&#8221;0&#8243; global_colors_info=&#8221;{}&#8221; sticky_enabled=&#8221;0&#8243;][et_pb_contact_field field_id=&#8221;Nombre&#8221; field_title=&#8221;Name&#8221; _builder_version=&#8221;4.15.1&#8243; global_colors_info=&#8221;{}&#8221; button_text_size__hover_enabled=&#8221;off&#8221; button_one_text_size__hover_enabled=&#8221;off&#8221; button_two_text_size__hover_enabled=&#8221;off&#8221; button_text_color__hover_enabled=&#8221;off&#8221; button_one_text_color__hover_enabled=&#8221;off&#8221; button_two_text_color__hover_enabled=&#8221;off&#8221; button_border_width__hover_enabled=&#8221;off&#8221; button_one_border_width__hover_enabled=&#8221;off&#8221; button_two_border_width__hover_enabled=&#8221;off&#8221; button_border_color__hover_enabled=&#8221;off&#8221; button_one_border_color__hover_enabled=&#8221;off&#8221; button_two_border_color__hover_enabled=&#8221;off&#8221; button_border_radius__hover_enabled=&#8221;off&#8221; button_one_border_radius__hover_enabled=&#8221;off&#8221; button_two_border_radius__hover_enabled=&#8221;off&#8221; button_letter_spacing__hover_enabled=&#8221;off&#8221; button_one_letter_spacing__hover_enabled=&#8221;off&#8221; button_two_letter_spacing__hover_enabled=&#8221;off&#8221; button_bg_color__hover_enabled=&#8221;off&#8221; button_one_bg_color__hover_enabled=&#8221;off&#8221; button_two_bg_color__hover_enabled=&#8221;off&#8221;][\/et_pb_contact_field][et_pb_contact_field field_id=&#8221;Empresa&#8221; field_title=&#8221;Company&#8221; fullwidth_field=&#8221;on&#8221; _builder_version=&#8221;4.15.1&#8243; _module_preset=&#8221;default&#8221; global_colors_info=&#8221;{}&#8221;][\/et_pb_contact_field][et_pb_contact_field field_id=&#8221;Telefono&#8221; field_title=&#8221;Phone&#8221; allowed_symbols=&#8221;numbers&#8221; fullwidth_field=&#8221;on&#8221; _builder_version=&#8221;4.15.1&#8243; _module_preset=&#8221;default&#8221; global_colors_info=&#8221;{}&#8221;][\/et_pb_contact_field][et_pb_contact_field field_id=&#8221;Email&#8221; field_title=&#8221;Email&#8221; field_type=&#8221;email&#8221; _builder_version=&#8221;4.15&#8243; global_colors_info=&#8221;{}&#8221; button_text_size__hover_enabled=&#8221;off&#8221; button_one_text_size__hover_enabled=&#8221;off&#8221; button_two_text_size__hover_enabled=&#8221;off&#8221; button_text_color__hover_enabled=&#8221;off&#8221; button_one_text_color__hover_enabled=&#8221;off&#8221; button_two_text_color__hover_enabled=&#8221;off&#8221; button_border_width__hover_enabled=&#8221;off&#8221; button_one_border_width__hover_enabled=&#8221;off&#8221; button_two_border_width__hover_enabled=&#8221;off&#8221; button_border_color__hover_enabled=&#8221;off&#8221; button_one_border_color__hover_enabled=&#8221;off&#8221; button_two_border_color__hover_enabled=&#8221;off&#8221; button_border_radius__hover_enabled=&#8221;off&#8221; button_one_border_radius__hover_enabled=&#8221;off&#8221; button_two_border_radius__hover_enabled=&#8221;off&#8221; button_letter_spacing__hover_enabled=&#8221;off&#8221; button_one_letter_spacing__hover_enabled=&#8221;off&#8221; button_two_letter_spacing__hover_enabled=&#8221;off&#8221; button_bg_color__hover_enabled=&#8221;off&#8221; button_one_bg_color__hover_enabled=&#8221;off&#8221; button_two_bg_color__hover_enabled=&#8221;off&#8221;][\/et_pb_contact_field][et_pb_contact_field field_id=&#8221;Mensaje&#8221; field_title=&#8221;Type here&#8230;&#8221; field_type=&#8221;text&#8221; fullwidth_field=&#8221;on&#8221; _builder_version=&#8221;4.15.1&#8243; global_colors_info=&#8221;{}&#8221; button_text_size__hover_enabled=&#8221;off&#8221; button_one_text_size__hover_enabled=&#8221;off&#8221; button_two_text_size__hover_enabled=&#8221;off&#8221; button_text_color__hover_enabled=&#8221;off&#8221; button_one_text_color__hover_enabled=&#8221;off&#8221; button_two_text_color__hover_enabled=&#8221;off&#8221; button_border_width__hover_enabled=&#8221;off&#8221; button_one_border_width__hover_enabled=&#8221;off&#8221; button_two_border_width__hover_enabled=&#8221;off&#8221; button_border_color__hover_enabled=&#8221;off&#8221; button_one_border_color__hover_enabled=&#8221;off&#8221; button_two_border_color__hover_enabled=&#8221;off&#8221; button_border_radius__hover_enabled=&#8221;off&#8221; button_one_border_radius__hover_enabled=&#8221;off&#8221; button_two_border_radius__hover_enabled=&#8221;off&#8221; button_letter_spacing__hover_enabled=&#8221;off&#8221; button_one_letter_spacing__hover_enabled=&#8221;off&#8221; button_two_letter_spacing__hover_enabled=&#8221;off&#8221; button_bg_color__hover_enabled=&#8221;off&#8221; button_one_bg_color__hover_enabled=&#8221;off&#8221; button_two_bg_color__hover_enabled=&#8221;off&#8221;][\/et_pb_contact_field][et_pb_contact_field field_id=&#8221;RGPD&#8221; field_title=&#8221; &#8221; field_type=&#8221;checkbox&#8221; checkbox_options=&#8221;%91{%22value%22:%22I accept all the conditions of the Legal Notice and all the conditions of the Privacy Policy%22,%22checked%22:0,%22dragID%22:-1,%22link_url%22:%22https:\/\/www.bigdatabp.com\/aviso-legal\/%22}%93&#8243; fullwidth_field=&#8221;on&#8221; _builder_version=&#8221;4.15.1&#8243; _module_preset=&#8221;default&#8221; hover_enabled=&#8221;0&#8243; global_colors_info=&#8221;{}&#8221; sticky_enabled=&#8221;0&#8243;][\/et_pb_contact_field][\/et_pb_contact_form][\/et_pb_column][\/et_pb_row][\/et_pb_section][et_pb_section fb_built=&#8221;1&#8243; _builder_version=&#8221;4.15.1&#8243; _module_preset=&#8221;default&#8221; custom_padding=&#8221;1px|||||&#8221; global_colors_info=&#8221;{}&#8221;][et_pb_row _builder_version=&#8221;4.15.1&#8243; _module_preset=&#8221;default&#8221; global_colors_info=&#8221;{}&#8221;][et_pb_column type=&#8221;4_4&#8243; _builder_version=&#8221;4.15.1&#8243; _module_preset=&#8221;default&#8221; global_colors_info=&#8221;{}&#8221;][et_pb_blog fullwidth=&#8221;off&#8221; posts_number=&#8221;3&#8243; include_categories=&#8221;323&#8243; _builder_version=&#8221;4.15.1&#8243; _module_preset=&#8221;default&#8221; global_colors_info=&#8221;{}&#8221;][\/et_pb_blog][\/et_pb_column][\/et_pb_row][\/et_pb_section]<\/p>\n","protected":false},"excerpt":{"rendered":"<p>\u00bfEs exclusivo del sector pesquero? Nuestro ERP est\u00e1 dise\u00f1ado exclusivamente para empresas del sector pesquero, lo cual introduce una alta especializaci\u00f3n en el mismo. Ofrecemos la \u00faltima tecnolog\u00eda en programaci\u00f3n Cloud ERP para trabajar sin importar d\u00f3nde se encuentre y facilitar a la empresa la toma de decisiones en tiempo real, pudiendo contar con grupos [&hellip;]<\/p>\n","protected":false},"author":1,"featured_media":0,"parent":0,"menu_order":0,"comment_status":"closed","ping_status":"closed","template":"","meta":{"_et_pb_use_builder":"on","_et_pb_old_content":"<!-- wp:divi\/placeholder \/-->","_et_gb_content_width":"","footnotes":""},"class_list":["post-1335","page","type-page","status-publish","hentry"],"yoast_head":"<!-- This site is optimized with the Yoast SEO plugin v27.5 - https:\/\/yoast.com\/product\/yoast-seo-wordpress\/ -->\n<title>demo - BigdataBP<\/title>\n<meta name=\"robots\" content=\"index, follow, max-snippet:-1, max-image-preview:large, max-video-preview:-1\" \/>\n<link rel=\"canonical\" href=\"https:\/\/www.bigdatabp.com\/en\/demo\/\" \/>\n<meta property=\"og:locale\" content=\"en_US\" \/>\n<meta property=\"og:type\" content=\"article\" \/>\n<meta property=\"og:title\" content=\"demo - BigdataBP\" \/>\n<meta property=\"og:description\" content=\"\u00bfEs exclusivo del sector pesquero? Nuestro ERP est\u00e1 dise\u00f1ado exclusivamente para empresas del sector pesquero, lo cual introduce una alta especializaci\u00f3n en el mismo. Ofrecemos la \u00faltima tecnolog\u00eda en programaci\u00f3n Cloud ERP para trabajar sin importar d\u00f3nde se encuentre y facilitar a la empresa la toma de decisiones en tiempo real, pudiendo contar con grupos [&hellip;]\" \/>\n<meta property=\"og:url\" content=\"https:\/\/www.bigdatabp.com\/en\/demo\/\" \/>\n<meta property=\"og:site_name\" content=\"BigdataBP\" \/>\n<meta property=\"article:modified_time\" content=\"2022-04-25T06:25:38+00:00\" \/>\n<meta name=\"twitter:card\" content=\"summary_large_image\" \/>\n<meta name=\"twitter:label1\" content=\"Est. reading time\" \/>\n\t<meta name=\"twitter:data1\" content=\"7 minutes\" \/>\n<script type=\"application\/ld+json\" class=\"yoast-schema-graph\">{\"@context\":\"https:\\\/\\\/schema.org\",\"@graph\":[{\"@type\":\"WebPage\",\"@id\":\"https:\\\/\\\/www.bigdatabp.com\\\/en\\\/demo\\\/\",\"url\":\"https:\\\/\\\/www.bigdatabp.com\\\/en\\\/demo\\\/\",\"name\":\"demo - BigdataBP\",\"isPartOf\":{\"@id\":\"https:\\\/\\\/www.bigdatabp.com\\\/#website\"},\"datePublished\":\"2022-04-22T10:08:56+00:00\",\"dateModified\":\"2022-04-25T06:25:38+00:00\",\"breadcrumb\":{\"@id\":\"https:\\\/\\\/www.bigdatabp.com\\\/en\\\/demo\\\/#breadcrumb\"},\"inLanguage\":\"en-US\",\"potentialAction\":[{\"@type\":\"ReadAction\",\"target\":[\"https:\\\/\\\/www.bigdatabp.com\\\/en\\\/demo\\\/\"]}]},{\"@type\":\"BreadcrumbList\",\"@id\":\"https:\\\/\\\/www.bigdatabp.com\\\/en\\\/demo\\\/#breadcrumb\",\"itemListElement\":[{\"@type\":\"ListItem\",\"position\":1,\"name\":\"Portada\",\"item\":\"https:\\\/\\\/www.bigdatabp.com\\\/en\\\/\"},{\"@type\":\"ListItem\",\"position\":2,\"name\":\"demo\"}]},{\"@type\":\"WebSite\",\"@id\":\"https:\\\/\\\/www.bigdatabp.com\\\/#website\",\"url\":\"https:\\\/\\\/www.bigdatabp.com\\\/\",\"name\":\"BigdataBP\",\"description\":\"ERP Cloud\",\"potentialAction\":[{\"@type\":\"SearchAction\",\"target\":{\"@type\":\"EntryPoint\",\"urlTemplate\":\"https:\\\/\\\/www.bigdatabp.com\\\/?s={search_term_string}\"},\"query-input\":{\"@type\":\"PropertyValueSpecification\",\"valueRequired\":true,\"valueName\":\"search_term_string\"}}],\"inLanguage\":\"en-US\"}]}<\/script>\n<!-- \/ Yoast SEO plugin. -->","yoast_head_json":{"title":"demo - BigdataBP","robots":{"index":"index","follow":"follow","max-snippet":"max-snippet:-1","max-image-preview":"max-image-preview:large","max-video-preview":"max-video-preview:-1"},"canonical":"https:\/\/www.bigdatabp.com\/en\/demo\/","og_locale":"en_US","og_type":"article","og_title":"demo - BigdataBP","og_description":"\u00bfEs exclusivo del sector pesquero? Nuestro ERP est\u00e1 dise\u00f1ado exclusivamente para empresas del sector pesquero, lo cual introduce una alta especializaci\u00f3n en el mismo. Ofrecemos la \u00faltima tecnolog\u00eda en programaci\u00f3n Cloud ERP para trabajar sin importar d\u00f3nde se encuentre y facilitar a la empresa la toma de decisiones en tiempo real, pudiendo contar con grupos [&hellip;]","og_url":"https:\/\/www.bigdatabp.com\/en\/demo\/","og_site_name":"BigdataBP","article_modified_time":"2022-04-25T06:25:38+00:00","twitter_card":"summary_large_image","twitter_misc":{"Est. reading time":"7 minutes"},"schema":{"@context":"https:\/\/schema.org","@graph":[{"@type":"WebPage","@id":"https:\/\/www.bigdatabp.com\/en\/demo\/","url":"https:\/\/www.bigdatabp.com\/en\/demo\/","name":"demo - BigdataBP","isPartOf":{"@id":"https:\/\/www.bigdatabp.com\/#website"},"datePublished":"2022-04-22T10:08:56+00:00","dateModified":"2022-04-25T06:25:38+00:00","breadcrumb":{"@id":"https:\/\/www.bigdatabp.com\/en\/demo\/#breadcrumb"},"inLanguage":"en-US","potentialAction":[{"@type":"ReadAction","target":["https:\/\/www.bigdatabp.com\/en\/demo\/"]}]},{"@type":"BreadcrumbList","@id":"https:\/\/www.bigdatabp.com\/en\/demo\/#breadcrumb","itemListElement":[{"@type":"ListItem","position":1,"name":"Portada","item":"https:\/\/www.bigdatabp.com\/en\/"},{"@type":"ListItem","position":2,"name":"demo"}]},{"@type":"WebSite","@id":"https:\/\/www.bigdatabp.com\/#website","url":"https:\/\/www.bigdatabp.com\/","name":"BigdataBP","description":"ERP Cloud","potentialAction":[{"@type":"SearchAction","target":{"@type":"EntryPoint","urlTemplate":"https:\/\/www.bigdatabp.com\/?s={search_term_string}"},"query-input":{"@type":"PropertyValueSpecification","valueRequired":true,"valueName":"search_term_string"}}],"inLanguage":"en-US"}]}},"_links":{"self":[{"href":"https:\/\/www.bigdatabp.com\/en\/wp-json\/wp\/v2\/pages\/1335","targetHints":{"allow":["GET"]}}],"collection":[{"href":"https:\/\/www.bigdatabp.com\/en\/wp-json\/wp\/v2\/pages"}],"about":[{"href":"https:\/\/www.bigdatabp.com\/en\/wp-json\/wp\/v2\/types\/page"}],"author":[{"embeddable":true,"href":"https:\/\/www.bigdatabp.com\/en\/wp-json\/wp\/v2\/users\/1"}],"replies":[{"embeddable":true,"href":"https:\/\/www.bigdatabp.com\/en\/wp-json\/wp\/v2\/comments?post=1335"}],"version-history":[{"count":3,"href":"https:\/\/www.bigdatabp.com\/en\/wp-json\/wp\/v2\/pages\/1335\/revisions"}],"predecessor-version":[{"id":1341,"href":"https:\/\/www.bigdatabp.com\/en\/wp-json\/wp\/v2\/pages\/1335\/revisions\/1341"}],"wp:attachment":[{"href":"https:\/\/www.bigdatabp.com\/en\/wp-json\/wp\/v2\/media?parent=1335"}],"curies":[{"name":"wp","href":"https:\/\/api.w.org\/{rel}","templated":true}]}}